{"id":3785,"date":"2019-09-19T15:23:07","date_gmt":"2019-09-19T12:23:07","guid":{"rendered":"http:\/\/isideris.gr\/?post_type=product&#038;p=3785"},"modified":"2022-05-03T13:57:33","modified_gmt":"2022-05-03T10:57:33","slug":"heros-mortels-heros-immortels-la-periegese-de-pausanias-en-perspective-comparative","status":"publish","type":"product","link":"https:\/\/isideris.gr\/?product=heros-mortels-heros-immortels-la-periegese-de-pausanias-en-perspective-comparative","title":{"rendered":"H\u00e9ros mortels, h\u00e9ros immortels: la P\u00e9ri\u00e9g\u00e8se de Pausanias en perspective comparative"},"content":{"rendered":"<p><strong>H\u00e9ros mortels, h\u00e9ros immortels: la <em>P\u00e9ri\u00e9g\u00e8se<\/em> de Pausanias en perspective comparative<\/strong><\/p>\n<p><a href=\"https:\/\/isideris.gr\/kerasia-a-stratiki-kerasia-a-stratiki\/\"><strong><em>Kerasia A. Stratiki<\/em><\/strong><\/a><\/p>\n<p>Les h\u00e9ros grecs anciens poss\u00e9daient un degr\u00e9 de divinit\u00e9 difficile \u00e0 pr\u00e9ciser, mais certains semblent plus proches du mort ordinaire, et d\u2019autres plus proches des dieux. Cet ouvrage, con\u00e7u sous la forme d\u2019une \u00e9tude comparative, se propose de mettre en lumi\u00e8re la nature (mortelle et\/ou immortelle) de la figure h\u00e9ro\u00efque. Cette recherche est men\u00e9e avec comme source principale, la P\u00e9ri\u00e9g\u00e8se de Pausanias, qui nous a l\u00e9gu\u00e9 une mine d\u2019informations sur le culte h\u00e9ro\u00efque dans la Gr\u00e8ce antique.<\/p>\n<p>\u039c\u03ad\u03b3\u03b5\u03b8\u03bf\u03c2: 14\u00d721 cm<\/p>\n<p>\u03a3\u03b5\u03bb\u03af\u03b4\u03b5\u03c2: 594<\/p>\n<p>ISBN: 978-960-08-0615-1<\/p>\n<p>&nbsp;<\/p>\n","protected":false},"excerpt":{"rendered":"<p><a href=\"https:\/\/isideris.gr\/kerasia-a-stratiki-kerasia-a-stratiki\/\"><strong><em>Kerasia A. Stratiki<\/em><\/strong><\/a><\/p>\n<p>Les h\u00e9ros grecs anciens poss\u00e9daient un degr\u00e9 de divinit\u00e9 difficile \u00e0 pr\u00e9ciser, mais certains semblent plus proches du mort ordinaire, et d\u2019autres plus proches des dieux. Cet ouvrage, con\u00e7u sous la forme d\u2019une \u00e9tude comparative, se propose de mettre en lumi\u00e8re la nature (mortelle et\/ou immortelle) de la figure h\u00e9ro\u00efque. Cette recherche est men\u00e9e avec comme source principale, la P\u00e9ri\u00e9g\u00e8se de Pausanias, qui nous a l\u00e9gu\u00e9 une mine d\u2019informations sur le culte h\u00e9ro\u00efque dans la Gr\u00e8ce antique.<\/p>\n","protected":false},"featured_media":3786,"comment_status":"closed","ping_status":"closed","template":"","meta":{"_acf_changed":false},"product_brand":[],"product_cat":[27],"product_tag":[],"class_list":{"0":"post-3785","1":"product","2":"type-product","3":"status-publish","4":"has-post-thumbnail","6":"product_cat-istoria-politismos","8":"first","9":"outofstock","10":"sale","11":"shipping-taxable","12":"purchasable","13":"product-type-simple"},"acf":[],"aioseo_notices":[],"_links":{"self":[{"href":"https:\/\/isideris.gr\/index.php?rest_route=\/wp\/v2\/product\/3785","targetHints":{"allow":["GET"]}}],"collection":[{"href":"https:\/\/isideris.gr\/index.php?rest_route=\/wp\/v2\/product"}],"about":[{"href":"https:\/\/isideris.gr\/index.php?rest_route=\/wp\/v2\/types\/product"}],"replies":[{"embeddable":true,"href":"https:\/\/isideris.gr\/index.php?rest_route=%2Fwp%2Fv2%2Fcomments&post=3785"}],"wp:featuredmedia":[{"embeddable":true,"href":"https:\/\/isideris.gr\/index.php?rest_route=\/wp\/v2\/media\/3786"}],"wp:attachment":[{"href":"https:\/\/isideris.gr\/index.php?rest_route=%2Fwp%2Fv2%2Fmedia&parent=3785"}],"wp:term":[{"taxonomy":"product_brand","embeddable":true,"href":"https:\/\/isideris.gr\/index.php?rest_route=%2Fwp%2Fv2%2Fproduct_brand&post=3785"},{"taxonomy":"product_cat","embeddable":true,"href":"https:\/\/isideris.gr\/index.php?rest_route=%2Fwp%2Fv2%2Fproduct_cat&post=3785"},{"taxonomy":"product_tag","embeddable":true,"href":"https:\/\/isideris.gr\/index.php?rest_route=%2Fwp%2Fv2%2Fproduct_tag&post=3785"}],"curies":[{"name":"wp","href":"https:\/\/api.w.org\/{rel}","templated":true}]}}